{"id":20134,"date":"2024-06-20T08:03:31","date_gmt":"2024-06-20T08:03:31","guid":{"rendered":"https:\/\/asubium.com\/partner\/"},"modified":"2026-03-31T22:34:19","modified_gmt":"2026-03-31T22:34:19","slug":"partner","status":"publish","type":"page","link":"https:\/\/asubium.com\/de\/partner\/","title":{"rendered":"Partner"},"content":{"rendered":"\t\t<div data-elementor-type=\"wp-page\" data-elementor-id=\"20134\" class=\"elementor elementor-20134 elementor-3637\">\n\t\t\t\t<div class=\"elementor-element elementor-element-dbea85e e-flex e-con-boxed e-con e-parent \" data-id=\"dbea85e\" data-element_type=\"container\" data-e-type=\"container\">\t\t\t<div class=\"e-con-inner\">\r\n\t\t<div class=\"elementor-element elementor-element-37fb062 e-con-full e-flex e-con e-child \" data-id=\"37fb062\" data-element_type=\"container\" data-e-type=\"container\">\t\t<div class=\"elementor-element elementor-element-87acb3e elementor-widget elementor-widget-image\" data-id=\"87acb3e\" data-element_type=\"widget\" data-e-type=\"widget\" data-widget_type=\"image.default\">\n\t\t\t\t\t\t\t\t\t\t\t\t\t\t\t<img fetchpriority=\"high\" decoding=\"async\" width=\"601\" height=\"202\" src=\"https:\/\/asubium.com\/wp-content\/uploads\/2025\/10\/avaloq.png\" class=\"attachment-large size-large wp-image-20131\" alt=\"\" srcset=\"https:\/\/asubium.com\/wp-content\/uploads\/2025\/10\/avaloq.png 601w, https:\/\/asubium.com\/wp-content\/uploads\/2025\/10\/avaloq-300x101.png 300w\" sizes=\"(max-width: 601px) 100vw, 601px\" \/>\t\t\t\t\t\t\t\t\t\t\t\t\t\t\t<\/div>\n\t\t\t\t<\/div>\r\n\t\t<div class=\"elementor-element elementor-element-521be17 e-con-full e-flex e-con e-child \" data-id=\"521be17\" data-element_type=\"container\" data-e-type=\"container\">\t\t<div class=\"elementor-element elementor-element-20ce47d elementor-widget elementor-widget-text-editor\" data-id=\"20ce47d\" data-element_type=\"widget\" data-e-type=\"widget\" data-widget_type=\"text-editor.default\">\n\t\t\t\t\t\t\t\t\t<p style=\"font-weight: 400;\">F\u00fchrend im Bereich Core-Banking-Software und digitale Technologien.<br>Schnell wachsender Anbieter von Software-as-a-Service- und Business-Process-as-a-Service-L\u00f6sungen f\u00fcr Banken und Verm\u00f6gensverwalter.<\/p><p>Asubium ist seit 2016 Teil der Avaloq Community und offizieller Associated Implementation Partner.<\/p>\t\t\t\t\t\t\t\t<\/div>\n\t\t\t\t<\/div>\r\n\t\t\t\t\t<\/div>\r\n\t\t\t\t<\/div>\r\n\t\t<div class=\"elementor-element elementor-element-99c3a40 e-flex e-con-boxed e-con e-parent \" data-id=\"99c3a40\" data-element_type=\"container\" data-e-type=\"container\">\t\t\t<div class=\"e-con-inner\">\r\n\t\t<div class=\"elementor-element elementor-element-1d97495 e-con-full e-flex e-con e-child \" data-id=\"1d97495\" data-element_type=\"container\" data-e-type=\"container\">\t\t<div class=\"elementor-element elementor-element-95e30e2 elementor-widget elementor-widget-image\" data-id=\"95e30e2\" data-element_type=\"widget\" data-e-type=\"widget\" data-widget_type=\"image.default\">\n\t\t\t\t\t\t\t\t\t\t\t\t\t\t\t<img decoding=\"async\" width=\"665\" height=\"263\" src=\"https:\/\/asubium.com\/wp-content\/uploads\/2025\/10\/ti8m_logo_2014_blue_new_rgb-3-e1760512811602.png\" class=\"attachment-full size-full wp-image-20132\" alt=\"\" srcset=\"https:\/\/asubium.com\/wp-content\/uploads\/2025\/10\/ti8m_logo_2014_blue_new_rgb-3-e1760512811602.png 665w, https:\/\/asubium.com\/wp-content\/uploads\/2025\/10\/ti8m_logo_2014_blue_new_rgb-3-e1760512811602-300x119.png 300w\" sizes=\"(max-width: 665px) 100vw, 665px\" \/>\t\t\t\t\t\t\t\t\t\t\t\t\t\t\t<\/div>\n\t\t\t\t<\/div>\r\n\t\t<div class=\"elementor-element elementor-element-15a1bd3 e-con-full e-flex e-con e-child \" data-id=\"15a1bd3\" data-element_type=\"container\" data-e-type=\"container\">\t\t<div class=\"elementor-element elementor-element-d24154a elementor-widget elementor-widget-text-editor\" data-id=\"d24154a\" data-element_type=\"widget\" data-e-type=\"widget\" data-widget_type=\"text-editor.default\">\n\t\t\t\t\t\t\t\t\t<p style=\"font-weight: 400;\">Unser Softwarepartner ti&amp;m steht f\u00fcr Technologie, Innovation und Management.<\/p><p style=\"font-weight: 400;\">Als Schweizer Leader in Digitalisierungsprojekten und -produkten setzt ti&amp;m auf KI-gest\u00fctzte Innovation und ein starkes Engagement f\u00fcr Open Source. So adressiert das Unternehmen die Herausforderungen seiner Kunden effizient und bietet eine vertikale Integration entlang der gesamten IT-Wertsch\u00f6pfungskette. <\/p>\t\t\t\t\t\t\t\t<\/div>\n\t\t\t\t<\/div>\r\n\t\t\t\t\t<\/div>\r\n\t\t\t\t<\/div>\r\n\t\t<div class=\"elementor-element elementor-element-59781a4 e-flex e-con-boxed e-con e-parent \" data-id=\"59781a4\" data-element_type=\"container\" data-e-type=\"container\">\t\t\t<div class=\"e-con-inner\">\r\n\t\t<div class=\"elementor-element elementor-element-4fa4deb e-con-full e-flex e-con e-child \" data-id=\"4fa4deb\" data-element_type=\"container\" data-e-type=\"container\">\t\t<div class=\"elementor-element elementor-element-9ca4ff1 elementor-widget elementor-widget-image\" data-id=\"9ca4ff1\" data-element_type=\"widget\" data-e-type=\"widget\" data-widget_type=\"image.default\">\n\t\t\t\t\t\t\t\t\t\t\t\t\t\t\t<img decoding=\"async\" width=\"984\" height=\"248\" src=\"https:\/\/asubium.com\/wp-content\/uploads\/2025\/10\/ibo_logo__baseline.png\" class=\"attachment-large size-large wp-image-20133\" alt=\"\" srcset=\"https:\/\/asubium.com\/wp-content\/uploads\/2025\/10\/ibo_logo__baseline.png 984w, https:\/\/asubium.com\/wp-content\/uploads\/2025\/10\/ibo_logo__baseline-300x76.png 300w, https:\/\/asubium.com\/wp-content\/uploads\/2025\/10\/ibo_logo__baseline-768x194.png 768w\" sizes=\"(max-width: 984px) 100vw, 984px\" \/>\t\t\t\t\t\t\t\t\t\t\t\t\t\t\t<\/div>\n\t\t\t\t<\/div>\r\n\t\t<div class=\"elementor-element elementor-element-fab1205 e-con-full e-flex e-con e-child \" data-id=\"fab1205\" data-element_type=\"container\" data-e-type=\"container\">\t\t<div class=\"elementor-element elementor-element-42ddcc4 elementor-widget elementor-widget-text-editor\" data-id=\"42ddcc4\" data-element_type=\"widget\" data-e-type=\"widget\" data-widget_type=\"text-editor.default\">\n\t\t\t\t\t\t\t\t\t<p style=\"font-weight: 400;\">Unser Business-Partner IBO bietet einen unabh\u00e4ngigen Vergleichsdienst, mit dem Investoren die Performance und das Risiko ihrer Portfolios bewerten k\u00f6nnen. Das Tool \u201ePerformance Watcher\u201c erm\u00f6glicht es Portfoliomanagern, Kundenberatern und Kunden, ihre Performance t\u00e4glich mit Marktbegleitern zu vergleichen. <\/p>\t\t\t\t\t\t\t\t<\/div>\n\t\t\t\t<\/div>\r\n\t\t\t\t\t<\/div>\r\n\t\t\t\t<\/div>\r\n\t\t\t\t<\/div>\n\t\t","protected":false},"excerpt":{"rendered":"<p>F\u00fchrend im Bereich Core-Banking-Software und digitale Technologien.Schnell wachsender Anbieter von Software-as-a-Service- und Business-Process-as-a-Service-L\u00f6sungen f\u00fcr Banken und Verm\u00f6gensverwalter. Asubium ist seit 2016 Teil der Avaloq Community und offizieller Associated Implementation Partner. Unser Softwarepartner ti&amp;m steht f\u00fcr Technologie, Innovation und Management. Als Schweizer Leader in Digitalisierungsprojekten und -produkten setzt ti&amp;m auf KI-gest\u00fctzte Innovation und ein starkes Engagement [&hellip;]<\/p>\n","protected":false},"author":1,"featured_media":0,"parent":0,"menu_order":0,"comment_status":"closed","ping_status":"closed","template":"","meta":{"footnotes":""},"class_list":["post-20134","page","type-page","status-publish","hentry"],"_links":{"self":[{"href":"https:\/\/asubium.com\/de\/wp-json\/wp\/v2\/pages\/20134","targetHints":{"allow":["GET"]}}],"collection":[{"href":"https:\/\/asubium.com\/de\/wp-json\/wp\/v2\/pages"}],"about":[{"href":"https:\/\/asubium.com\/de\/wp-json\/wp\/v2\/types\/page"}],"author":[{"embeddable":true,"href":"https:\/\/asubium.com\/de\/wp-json\/wp\/v2\/users\/1"}],"replies":[{"embeddable":true,"href":"https:\/\/asubium.com\/de\/wp-json\/wp\/v2\/comments?post=20134"}],"version-history":[{"count":1,"href":"https:\/\/asubium.com\/de\/wp-json\/wp\/v2\/pages\/20134\/revisions"}],"predecessor-version":[{"id":20135,"href":"https:\/\/asubium.com\/de\/wp-json\/wp\/v2\/pages\/20134\/revisions\/20135"}],"wp:attachment":[{"href":"https:\/\/asubium.com\/de\/wp-json\/wp\/v2\/media?parent=20134"}],"curies":[{"name":"wp","href":"https:\/\/api.w.org\/{rel}","templated":true}]}}