{"id":20117,"date":"2024-04-12T09:13:09","date_gmt":"2024-04-12T09:13:09","guid":{"rendered":"https:\/\/asubium.com\/impressum\/"},"modified":"2026-04-24T07:44:21","modified_gmt":"2026-04-24T07:44:21","slug":"impressum","status":"publish","type":"page","link":"https:\/\/asubium.com\/de\/impressum\/","title":{"rendered":"Impressum"},"content":{"rendered":"\t\t<div data-elementor-type=\"wp-page\" data-elementor-id=\"20117\" class=\"elementor elementor-20117 elementor-3\">\n\t\t\t\t<div class=\"elementor-element elementor-element-236f27a1 e-con-full e-flex e-con e-parent \" data-id=\"236f27a1\" data-element_type=\"container\" data-e-type=\"container\">\t\t<div class=\"elementor-element elementor-element-18b75d1b elementor-widget elementor-widget-text-editor\" data-id=\"18b75d1b\" data-element_type=\"widget\" data-e-type=\"widget\" data-widget_type=\"text-editor.default\">\n\t\t\t\t\t\t\t\t\t\n<p>Asubium AG, Z\u00e4hlerweg 12, 6300 Zug<br data-start=\"56\" data-end=\"59\">Kontakt: <a class=\"decorated-link cursor-pointer\" rel=\"noopener\" data-start=\"68\" data-end=\"87\">info@asubium.com<\/a><br data-start=\"87\" data-end=\"90\">MwSt Nr.: CHE-145.245.509 MwSt<br data-start=\"118\" data-end=\"121\">Handelsregister Nr.: CH-130.3.020.822-7<\/p>\n<p> <\/p>\n<p>Webseite und Text von Asubium AG<\/p>\n<p>Fotos von Michael Meier<\/p>\n<h2 class=\"wp-block-heading\">Copyright<\/h2>\n\n<p>Das Urheberrecht f\u00fcr s\u00e4mtliche Inhalte dieser Website liegt bei der Asubium AG.<\/p>\n\n<h2 class=\"wp-block-heading\">Disclaimer<\/h2>\n\n<p data-start=\"273\" data-end=\"731\">Alle Texte und Links wurden sorgf\u00e4ltig gepr\u00fcft und werden laufend aktualisiert. Wir sind bem\u00fcht, auf dieser Website korrekte und vollst\u00e4ndige Informationen bereitzustellen, \u00fcbernehmen jedoch keine Verantwortung, Garantie oder Haftung daf\u00fcr, dass die bereitgestellten Informationen richtig, vollst\u00e4ndig oder aktuell sind. Wir behalten uns das Recht vor, die Inhalte dieser Website jederzeit und ohne Vorank\u00fcndigung zu \u00e4ndern, und sind nicht verpflichtet, die enthaltenen Informationen zu aktualisieren.<\/p>\n<p data-start=\"733\" data-end=\"1292\" data-is-last-node=\"\" data-is-only-node=\"\">Alle Links zu externen Anbietern wurden zum Zeitpunkt der Aufnahme auf ihre Richtigkeit gepr\u00fcft. F\u00fcr die Inhalte und die Verf\u00fcgbarkeit von Websites, die \u00fcber Hyperlinks erreichbar sind, \u00fcbernehmen wir jedoch keine Haftung. F\u00fcr illegale, fehlerhafte oder unvollst\u00e4ndige Inhalte sowie insbesondere f\u00fcr Sch\u00e4den, die aus der Nutzung oder Nichtnutzung solcher Informationen entstehen, haftet ausschliesslich der Anbieter der verlinkten Website. Dies gilt unabh\u00e4ngig davon, ob der Schaden direkter, indirekter oder finanzieller Natur ist oder durch Datenverlust, Nutzungsausfall oder sonstige Gr\u00fcnde jeglicher Art entsteht.<\/p>\n\t\t\t\t\t\t\t\t<\/div>\n\t\t\t\t<\/div>\r\n\t\t\t\t<\/div>\n\t\t","protected":false},"excerpt":{"rendered":"<p>Asubium AG, Z\u00e4hlerweg 12, 6300 ZugKontakt: info@asubium.comMwSt Nr.: CHE-145.245.509 MwStHandelsregister Nr.: CH-130.3.020.822-7 Webseite und Text von Asubium AG Fotos von Michael Meier Copyright Das Urheberrecht f\u00fcr s\u00e4mtliche Inhalte dieser Website liegt bei der Asubium AG. Disclaimer Alle Texte und Links wurden sorgf\u00e4ltig gepr\u00fcft und werden laufend aktualisiert. Wir sind bem\u00fcht, auf dieser Website korrekte und [&hellip;]<\/p>\n","protected":false},"author":1,"featured_media":0,"parent":0,"menu_order":0,"comment_status":"closed","ping_status":"closed","template":"","meta":{"footnotes":""},"class_list":["post-20117","page","type-page","status-publish","hentry"],"_links":{"self":[{"href":"https:\/\/asubium.com\/de\/wp-json\/wp\/v2\/pages\/20117","targetHints":{"allow":["GET"]}}],"collection":[{"href":"https:\/\/asubium.com\/de\/wp-json\/wp\/v2\/pages"}],"about":[{"href":"https:\/\/asubium.com\/de\/wp-json\/wp\/v2\/types\/page"}],"author":[{"embeddable":true,"href":"https:\/\/asubium.com\/de\/wp-json\/wp\/v2\/users\/1"}],"replies":[{"embeddable":true,"href":"https:\/\/asubium.com\/de\/wp-json\/wp\/v2\/comments?post=20117"}],"version-history":[{"count":7,"href":"https:\/\/asubium.com\/de\/wp-json\/wp\/v2\/pages\/20117\/revisions"}],"predecessor-version":[{"id":20885,"href":"https:\/\/asubium.com\/de\/wp-json\/wp\/v2\/pages\/20117\/revisions\/20885"}],"wp:attachment":[{"href":"https:\/\/asubium.com\/de\/wp-json\/wp\/v2\/media?parent=20117"}],"curies":[{"name":"wp","href":"https:\/\/api.w.org\/{rel}","templated":true}]}}